{"id":3,"date":"2024-05-23T10:50:58","date_gmt":"2024-05-23T10:50:58","guid":{"rendered":"http:\/\/54.78.64.164\/?page_id=3"},"modified":"2025-05-05T11:02:24","modified_gmt":"2025-05-05T11:02:24","slug":"privacy-policy","status":"publish","type":"page","link":"https:\/\/www.fondazionecarpigiani.it\/index.php\/privacy-policy\/","title":{"rendered":"La privacy policy di questo sito"},"content":{"rendered":"\t\t<div data-elementor-type=\"wp-page\" data-elementor-id=\"3\" class=\"elementor elementor-3\" data-elementor-post-type=\"page\">\n\t\t\t\t<div class=\"elementor-element elementor-element-443e4946 e-flex e-con-boxed e-con e-parent\" data-id=\"443e4946\" data-element_type=\"container\">\n\t\t\t\t\t<div class=\"e-con-inner\">\n\t\t\t\t<div class=\"elementor-element elementor-element-c1785ef elementor-widget elementor-widget-heading\" data-id=\"c1785ef\" data-element_type=\"widget\" data-widget_type=\"heading.default\">\n\t\t\t\t<div class=\"elementor-widget-container\">\n\t\t\t\t\t<h2 class=\"elementor-heading-title elementor-size-default\">La privacy policy di questo sito<\/h2>\t\t\t\t<\/div>\n\t\t\t\t<\/div>\n\t\t\t\t<div class=\"elementor-element elementor-element-79f8fd2 elementor-widget-divider--view-line elementor-widget elementor-widget-divider\" data-id=\"79f8fd2\" data-element_type=\"widget\" data-widget_type=\"divider.default\">\n\t\t\t\t<div class=\"elementor-widget-container\">\n\t\t\t\t\t\t\t<div class=\"elementor-divider\">\n\t\t\t<span class=\"elementor-divider-separator\">\n\t\t\t\t\t\t<\/span>\n\t\t<\/div>\n\t\t\t\t\t\t<\/div>\n\t\t\t\t<\/div>\n\t\t\t\t<div class=\"elementor-element elementor-element-672ef040 elementor-widget elementor-widget-text-editor\" data-id=\"672ef040\" data-element_type=\"widget\" data-widget_type=\"text-editor.default\">\n\t\t\t\t<div class=\"elementor-widget-container\">\n\t\t\t\t\t\t\t\t\t\n<h2 class=\"wp-block-heading\">Perch\u00e9 questo avviso<\/h2>\n\n\n\n<p>Ai sensi del Regolamento (UE) 2016\/679 (di seguito \u201cRegolamento\u201d), questa pagina descrive le modalit\u00e0 di trattamento dei dati personali degli utenti che consultano il sito internet della Fondazione Bruto e Poerio Carpigiani accessibile per via telematica al seguente indirizzo: <a href=\"https:\/\/www.fondazionecarpigiani.it\">https:\/\/www.fondazionecarpigiani.it<\/a><\/p>\n\n\n\n<p>Le presenti informazioni non riguardano altri siti, pagine o servizi online raggiungibili tramite link ipertestuali eventualmente pubblicati sul sito stesso ma riferiti a risorse esterne al dominio della Fondazione Bruto e Poerio Carpigiani.<\/p>\n\n\n\n<h2 class=\"wp-block-heading\">Titolare del trattamento<\/h2>\n\n\n\n<p>A seguito della consultazione di questo sito possono essere trattati dati relativi a persone identificate o identificabili.<br>Il Titolare del trattamento oggetto della presente informativa \u00e8 la FONDAZIONE BRUTO E POERIO CARPIGIANI con sede in Anzola dell&#8217;Emilia (Bo) Via Emilia n. 45, Tel. 051.6505111 \u2013 fax 051.732178. Codice Fiscale 03163941200 &#8211; Partita I.V.A. 03163941200, Registro delle persone giuridiche della Prefettura di Bologna n. 714<\/p>\n\n\n\n<p><\/p>\n\n\n\n<h2 class=\"wp-block-heading\">Tipi di dati trattati<\/h2>\n\n\n\n<p><strong>Dati di navigazione<\/strong><\/p>\n\n\n\n<p>I sistemi informativi e le procedure <em>software<\/em> preposte al funzionamento di questo sito acquisiscono, nel corso del loro normale esercizio, alcuni dati personali la cui trasmissione \u00e8 implicita nell\u2019uso dei protocolli di comunicazione di Internet.<\/p>\n\n\n\n<p>In questa categoria di dati rientrano gli indirizzi IP o i nomi a dominio dei computer e dei terminali utilizzati dagli utenti, gli indirizzi in notazione URI\/URL (Uniform Resource Identifier\/Locator) delle risorse richieste, l\u2019orario della richiesta, il metodo utilizzato nel sottoporre la richiesta al server, la dimensione del file ottenuto in risposta, il codice numerico indicante lo stato della risposta data dal server (buon fine, errore, ecc.) ed altri parametri relativi al sistema operativo e all\u2019ambiente informatico dell\u2019utente.<\/p>\n\n\n\n<p>Tali dati, necessari per la fruizione dei servizi web, vengono anche trattati allo scopo di:<\/p>\n\n\n\n<ul class=\"wp-block-list\">\n<li>ottenere informazioni statistiche sull\u2019uso dei servizi (pagine pi\u00f9 visitate, numero di visitatori per fascia oraria o giornaliera, aree geografiche di provenienza, ecc.);<\/li>\n\n\n\n<li>controllare il corretto funzionamento dei servizi offerti;<\/li>\n\n\n\n<li>per facilitare la navigazione dell\u2019utente sul sito (ad esempio, tramite la memorizzazione della scelta della lingua).<\/li>\n<\/ul>\n\n\n\n<p><a><\/a><strong>Dati forniti volontariamente dall\u2019utente<\/strong><\/p>\n\n\n\n<p>L\u2019invio facoltativo, esplicito e volontario di messaggi agli indirizzi di contatto, i messaggi privati inviati dagli utenti, nonch\u00e9 la compilazione e l\u2019inoltro dei moduli presenti sul sito, comportano l\u2019acquisizione dei dati di contatto del mittente, necessari a rispondere, nonch\u00e9 di tutti i dati personali inclusi nelle comunicazioni.<\/p>\n\n\n\n<p><strong>Cookie e altri sistemi di tracciamento<\/strong><\/p>\n\n\n\n<p>Per maggiori informazioni sui cookies utilizzati dal presente sito web si veda la cookies policy presente sul sito web.<\/p>\n\n\n\n<p><strong>Dati raccolti da <em>social media<\/em><\/strong><\/p>\n\n\n\n<p>Sul sito internet sono presenti i <em>social plugin<\/em>. Circa i trattamenti di dati personali effettuati dai gestori di piattaforme di Social Media utilizzate da Carpigiani Group si rimanda alle informazioni da questi rese attraverso le rispettive <em>privacy policy<\/em>. Carpigiani tratta i dati personali conferiti dall\u2019utenza attraverso le pagine delle piattaforme di Social Media ad esso dedicate, nell\u2019ambito delle sue finalit\u00e0 commerciali per promuovere i servizi offerti ed informare l\u2019utenza delle attivit\u00e0 organizzate.<\/p>\n\n\n\n<figure class=\"wp-block-table\"><table class=\"has-fixed-layout\"><tbody><tr><td><strong>Finalit\u00e0 del trattamento<\/strong><\/td><td><strong>Base giuridica del trattamento<\/strong><\/td><td><strong>Periodo conservazione dei dati<\/strong><\/td><\/tr><tr><td>A) Consentire al Titolare la gestione della Sua richiesta di registrazione alla piattaforma<\/td><td>Il consenso<\/td><td>I dati personali degli utenti registrati sul sito internet sono trattati per tutta la durata di fruizione del servizio e conservati per un periodo di dieci anni dall\u2019ultimo accesso alla piattaforma.<\/td><\/tr><tr><td>B) Consentire al Titolare l\u2019elaborazione dei Suoi dati per fornirLe esperienze interattive avanzate e la personalizzazione del servizio (in base, ad esempio, alle inferenze eseguite sull\u2019uso del sito, sulle attivit\u00e0, sugli interessi)<\/td><td>Il consenso<\/td><td>I dati saranno trattati fintanto che il servizio sar\u00e0 in essere.<\/td><\/tr><tr><td>C) Darle riscontro ad eventuali richieste di contatto<\/td><td>Il consenso<\/td><td>I dati sono conservati per il tempo strettamente necessario per escutere le richieste dell\u2019interessato. &nbsp;<\/td><\/tr><tr><td>D) Inviarle tramite e-mail, posta e\/o contatti telefonici, di newsletter, comunicazioni commerciali e\/o materiale informativo e pubblicitario su prodotti o servizi offerti<\/td><td>Il consenso<\/td><td>I dati sono conservati fino a quando il servizio sar\u00e0 attivo.<\/td><\/tr><tr><td>E) Adempiere agli obblighi di legge o per ottemperare ad eventuali ordini dell\u2019Autorit\u00e0 giudiziaria<\/td><td>La legge<\/td><td>In relazione a ciascun termine di conservazione indicato.<\/td><\/tr><tr><td>F) Diffondere le immagini, la voce e\/o il nome di interessati oggetto di riprese fotografiche e\/o audiovisive, per finalit\u00e0 promozionali<\/td><td>Il consenso<\/td><td>I dati sono conservati per il tempo strettamente necessario per il raggiungimento delle finalit\u00e0 indicate; tale periodo non \u00e8 mai superiore a cinque anni.<\/td><\/tr><tr><td>G) Consentire la gestione delle informazioni relative alle opinioni degli interessati sulla qualit\u00e0 dei propri prodotti, del Customer Service, dell\u2019Assistenza Tecnica e della rete commerciale, al fine di migliorare la qualit\u00e0 degli stessi.<\/td><td>Il consenso<\/td><td>I dati sono conservati per il tempo strettamente necessario per escutere le richieste dell\u2019interessato; tale periodo non \u00e8 mai superiore a cinque anni.<\/td><\/tr><\/tbody><\/table><\/figure>\n\n\n\n<p><strong>Informativa specifiche<\/strong><\/p>\n\n\n\n<p>Informative specifiche saranno presenti nelle pagine del Sito in relazione a particolari servizi o trattamenti dei dati forniti.<\/p>\n\n\n\n<p><strong>Natura del conferimento dei dati<\/strong><\/p>\n\n\n\n<p>A parte quanto specificato per i dati di navigazione, l\u2019utente \u00e8 libero di fornire i dati personali riportati nei moduli di richiesta. Il loro mancato conferimento pu\u00f2, per\u00f2, comportare l\u2019impossibilit\u00e0 di ottenere quanto richiesto.<\/p>\n\n\n\n<p><strong>Luogo del trattamento e destinatari dei dati<\/strong><\/p>\n\n\n\n<p>I trattamenti connessi ai servizi web di questo sito hanno luogo presso la predetta sede del Titolare del trattamento e sono curati dal personale tecnico della societ\u00e0. I dati raccolti sono trattati dal personale di Carpigiani, che agisce sulla base di specifiche istruzioni fornite in ordine a finalit\u00e0 e modalit\u00e0 del trattamento medesimo. In caso di necessit\u00e0, i dati potranno essere trattati Antherica S.r.l, designata, ai sensi dell\u2019art. 28 del Regolamento UE 679\/2016, quale responsabile del trattamento.<\/p>\n\n\n\n<p>I dati potranno essere comunicati a terze parti quali distributori e\/o concessionari delle macchine Carpigiani, nonch\u00e9 aziende con le quali la Fondazione Bruto e Poerio Carpigiani intrattiene rapporti di collaborazione tecnica, specie allorquando l\u2019organizzazione interna necessiti di interfacciarsi con le sue aziende partners, per gestire e rispondere ad una richiesta dell\u2019interessato.<\/p>\n\n\n\n<p><strong>Diritti degli interessati<\/strong><\/p>\n\n\n\n<p>I soggetti cui si riferiscono i dati personali hanno il diritto in qualunque momento:<\/p>\n\n\n\n<ol start=\"1\" style=\"list-style-type:lower-alpha\" class=\"wp-block-list\">\n<li>di accesso ai dati personali;<\/li>\n\n\n\n<li>di ottenere la rettifica o la cancellazione degli stessi o la limitazione del trattamento che La riguardano;<\/li>\n\n\n\n<li>di opporsi al trattamento;<\/li>\n\n\n\n<li>alla portabilit\u00e0 dei dati;<\/li>\n\n\n\n<li>di revocare il consenso: la revoca del consenso non pregiudica la liceit\u00e0 del trattamento basata sul consenso conferito prima della revoca;<\/li>\n\n\n\n<li>di proporre reclamo all\u2019Autorit\u00e0 di controllo (<a href=\"https:\/\/www.garanteprivacy.it\/home\/docweb\/-\/docweb-display\/docweb\/4535524\" target=\"_blank\" rel=\"noreferrer noopener\">Garante per la protezione dei dati personali<\/a>).<\/li>\n<\/ol>\n\n\n\n<p>L\u2019esercizio di tutti i diritti di cui sopra potr\u00e0 avvenire attraverso l\u2019invio di una richiesta mediante email all\u2019indirizzo privacy@carpigianigroup.com.<\/p>\n\n\n\n<p><strong>Copyright<\/strong><\/p>\n\n\n\n<p>La documentazione, le immagini, i marchi e quant\u2019altro pubblicato e riprodotto su questo sito sono di propriet\u00e0 della Fondazione Bruto e Poerio Carpigiani.<\/p>\n\n\n\n<p>Nessuna responsabilit\u00e0 viene assunta in relazione sia al contenuto di quanto pubblicato su questo sito ed all\u2019uso che terzi ne potranno fare, sia per le eventuali contaminazioni derivanti dall\u2019accesso, dall\u2019interconnessione, dallo scarico di materiale da questo sito. Le eventuali informazioni comunicate spontaneamente da parte di soggetti terzi al sito potranno essere liberamente usate dalla Fondazione Bruto e Poerio Carpigiani.<\/p>\n\n\n\n<h2 class=\"wp-block-heading\"><\/h2>\n\t\t\t\t\t\t\t\t<\/div>\n\t\t\t\t<\/div>\n\t\t\t\t\t<\/div>\n\t\t\t\t<\/div>\n\t\t\t\t<\/div>\n\t\t","protected":false},"excerpt":{"rendered":"<p>La privacy policy di questo sito Perch\u00e9 questo avviso Ai sensi del Regolamento (UE) 2016\/679 (di seguito \u201cRegolamento\u201d), questa pagina descrive le modalit\u00e0 di trattamento dei dati personali degli utenti che consultano il sito internet della Fondazione Bruto e Poerio Carpigiani accessibile per via telematica al seguente indirizzo: https:\/\/www.fondazionecarpigiani.it Le presenti informazioni non riguardano altri [&hellip;]<\/p>\n","protected":false},"author":1,"featured_media":0,"parent":0,"menu_order":0,"comment_status":"closed","ping_status":"open","template":"","meta":{"footnotes":""},"class_list":["post-3","page","type-page","status-publish","hentry"],"_links":{"self":[{"href":"https:\/\/www.fondazionecarpigiani.it\/index.php\/wp-json\/wp\/v2\/pages\/3","targetHints":{"allow":["GET"]}}],"collection":[{"href":"https:\/\/www.fondazionecarpigiani.it\/index.php\/wp-json\/wp\/v2\/pages"}],"about":[{"href":"https:\/\/www.fondazionecarpigiani.it\/index.php\/wp-json\/wp\/v2\/types\/page"}],"author":[{"embeddable":true,"href":"https:\/\/www.fondazionecarpigiani.it\/index.php\/wp-json\/wp\/v2\/users\/1"}],"replies":[{"embeddable":true,"href":"https:\/\/www.fondazionecarpigiani.it\/index.php\/wp-json\/wp\/v2\/comments?post=3"}],"version-history":[{"count":4,"href":"https:\/\/www.fondazionecarpigiani.it\/index.php\/wp-json\/wp\/v2\/pages\/3\/revisions"}],"predecessor-version":[{"id":340,"href":"https:\/\/www.fondazionecarpigiani.it\/index.php\/wp-json\/wp\/v2\/pages\/3\/revisions\/340"}],"wp:attachment":[{"href":"https:\/\/www.fondazionecarpigiani.it\/index.php\/wp-json\/wp\/v2\/media?parent=3"}],"curies":[{"name":"wp","href":"https:\/\/api.w.org\/{rel}","templated":true}]}}